{"id":674,"date":"2020-12-17T21:50:12","date_gmt":"2020-12-17T21:50:12","guid":{"rendered":"http:\/\/asai.tuiasi.ro\/?page_id=674"},"modified":"2025-11-09T13:28:56","modified_gmt":"2025-11-09T13:28:56","slug":"despre-noi","status":"publish","type":"page","link":"http:\/\/asai.tuiasi.ro\/index.php\/despre-noi\/","title":{"rendered":"\u200e"},"content":{"rendered":"\n<div class=\"wp-block-media-text alignwide is-stacked-on-mobile has-black-color has-text-color\"><figure class=\"wp-block-media-text__media\"><img loading=\"lazy\" width=\"1024\" height=\"724\" src=\"http:\/\/asai.tuiasi.ro\/wp-content\/uploads\/2020\/12\/2-1-1024x724.png\" alt=\"\" class=\"wp-image-821 size-full\" srcset=\"http:\/\/asai.tuiasi.ro\/wp-content\/uploads\/2020\/12\/2-1-1024x724.png 1024w, http:\/\/asai.tuiasi.ro\/wp-content\/uploads\/2020\/12\/2-1-300x212.png 300w, http:\/\/asai.tuiasi.ro\/wp-content\/uploads\/2020\/12\/2-1-768x543.png 768w, http:\/\/asai.tuiasi.ro\/wp-content\/uploads\/2020\/12\/2-1-1536x1086.png 1536w, http:\/\/asai.tuiasi.ro\/wp-content\/uploads\/2020\/12\/2-1-2048x1448.png 2048w\" sizes=\"(max-width: 1024px) 100vw, 1024px\" \/><\/figure><div class=\"wp-block-media-text__content\">\n<p class=\"has-black-color has-text-color\" style=\"font-size:28px\"><strong>A.S.A.I. s-a n\u0103scut din dorin\u021ba de a ap\u0103ra \u0219i de a sus\u021bine studen\u021bii arhitec\u021bi, dar \u0219i cei care au ca obiectiv o dezvoltare c\u00e2t mai benefic\u0103 pentru ace\u0219tia.&nbsp; S\u0103 ne rezum\u0103m doar la ideea de \u201cechip\u0103\u201d ar fi total gre\u0219it. Suntem, \u00eenainte de toate, o familie. Se spune c\u0103 prietenii sunt familia pe care ne-o alegem singuri. <\/strong><\/p>\n<\/div><\/div>\n\n\n\n<div class=\"wp-block-media-text alignwide has-media-on-the-right is-stacked-on-mobile\"><figure class=\"wp-block-media-text__media\"><img loading=\"lazy\" width=\"1024\" height=\"724\" src=\"http:\/\/asai.tuiasi.ro\/wp-content\/uploads\/2020\/12\/3-2-1024x724.png\" alt=\"\" class=\"wp-image-947 size-full\" srcset=\"http:\/\/asai.tuiasi.ro\/wp-content\/uploads\/2020\/12\/3-2-1024x724.png 1024w, http:\/\/asai.tuiasi.ro\/wp-content\/uploads\/2020\/12\/3-2-300x212.png 300w, http:\/\/asai.tuiasi.ro\/wp-content\/uploads\/2020\/12\/3-2-768x543.png 768w, http:\/\/asai.tuiasi.ro\/wp-content\/uploads\/2020\/12\/3-2-1536x1086.png 1536w, http:\/\/asai.tuiasi.ro\/wp-content\/uploads\/2020\/12\/3-2-2048x1448.png 2048w\" sizes=\"(max-width: 1024px) 100vw, 1024px\" \/><\/figure><div class=\"wp-block-media-text__content\">\n<p class=\"has-black-color has-text-color\" style=\"font-size:28px\"><strong>Noi, \u00een A.S.A.I., suntem mereu preg\u0103ti\u021bi s\u0103 ne ajut\u0103m unii pe al\u021bii, at\u00e2t prin suport moral, c\u00e2t \u0219i prin munc\u0103 fizic\u0103. Ne ascult\u0103m \u0219i ne sprijinim reciproc indiferent dac\u0103 este vorba de arhitectur\u0103 sau de probleme personale. Pentru c\u0103 A.S.A.I. este \u0219i va r\u0103m\u00e2ne familia pe care tu o po\u021bi alege \u0219i care, la r\u00e2ndul ei, \u0219i ea te va alege pe tine.<\/strong><\/p>\n<\/div><\/div>\n\n\n\n<div class=\"wp-block-media-text alignwide is-stacked-on-mobile\"><figure class=\"wp-block-media-text__media\"><img loading=\"lazy\" width=\"1024\" height=\"724\" src=\"http:\/\/asai.tuiasi.ro\/wp-content\/uploads\/2020\/12\/6-1024x724.png\" alt=\"\" class=\"wp-image-824 size-full\" srcset=\"http:\/\/asai.tuiasi.ro\/wp-content\/uploads\/2020\/12\/6-1024x724.png 1024w, http:\/\/asai.tuiasi.ro\/wp-content\/uploads\/2020\/12\/6-300x212.png 300w, http:\/\/asai.tuiasi.ro\/wp-content\/uploads\/2020\/12\/6-768x543.png 768w, http:\/\/asai.tuiasi.ro\/wp-content\/uploads\/2020\/12\/6-1536x1086.png 1536w, http:\/\/asai.tuiasi.ro\/wp-content\/uploads\/2020\/12\/6-2048x1448.png 2048w\" sizes=\"(max-width: 1024px) 100vw, 1024px\" \/><\/figure><div class=\"wp-block-media-text__content\">\n<p class=\"has-black-color has-text-color\" style=\"font-size:28px\"><strong>Dar A.S.A.I. nu este numai despre munc\u0103. Este \u0219i despre a te sim\u021bi bine \u0219i a petrece timp pre\u021bios \u00eempreun\u0103. Pentru c\u0103 oricine are nevoie de o pauz\u0103 de la stresul facult\u0103\u021bii \u0219i, totodat\u0103, cel de zi cu zi. \u0218i aici intervin activit\u0103\u021bile extracurriculare, de la festivaluri, expozi\u021bii, workshop-uri, evenimente culturale, la petreceri de neuitat pline de z\u00e2mbete, r\u00e2sete, dinamism \u0219i team-building. Pentru c\u0103 A.S.A.I. este \u00een primul \u0219i \u00een primul r\u00e2nd despre a fi oameni.<\/strong><\/p>\n<\/div><\/div>\n\n\n\n<div class=\"wp-block-media-text alignwide is-stacked-on-mobile\"><figure class=\"wp-block-media-text__media\"><img loading=\"lazy\" width=\"1024\" height=\"724\" src=\"http:\/\/asai.tuiasi.ro\/wp-content\/uploads\/2020\/12\/8-1-1024x724.png\" alt=\"\" class=\"wp-image-953 size-full\" srcset=\"http:\/\/asai.tuiasi.ro\/wp-content\/uploads\/2020\/12\/8-1-1024x724.png 1024w, http:\/\/asai.tuiasi.ro\/wp-content\/uploads\/2020\/12\/8-1-300x212.png 300w, http:\/\/asai.tuiasi.ro\/wp-content\/uploads\/2020\/12\/8-1-768x543.png 768w, http:\/\/asai.tuiasi.ro\/wp-content\/uploads\/2020\/12\/8-1-1536x1086.png 1536w, http:\/\/asai.tuiasi.ro\/wp-content\/uploads\/2020\/12\/8-1-2048x1448.png 2048w\" sizes=\"(max-width: 1024px) 100vw, 1024px\" \/><\/figure><div class=\"wp-block-media-text__content\">\n<p class=\"has-black-color has-text-color\" style=\"font-size:28px\"><strong>Asocia\u021bia Studen\u021bilor Arhitec\u021bi Ia\u0219i a fost \u00eentemeiat\u0103 \u00een anul 2008, av\u00e2ndu-i ca membri fondatori pe Khadim Abid Adriana Lucia, Mihai Andreea-Roxana, Prisecariu Adina-Alexandra, Iftimie Diana-Mihaela \u0219i Cr\u0103ciun \u0218tefana.<\/strong><\/p>\n<\/div><\/div>\n\n\n\n<figure class=\"wp-block-image alignwide size-full is-style-rounded\"><img loading=\"lazy\" width=\"3508\" height=\"1972\" src=\"http:\/\/asai.tuiasi.ro\/wp-content\/uploads\/2025\/11\/9-edited.png\" alt=\"\" class=\"wp-image-7445\" srcset=\"http:\/\/asai.tuiasi.ro\/wp-content\/uploads\/2025\/11\/9-edited.png 3508w, http:\/\/asai.tuiasi.ro\/wp-content\/uploads\/2025\/11\/9-edited-300x169.png 300w, http:\/\/asai.tuiasi.ro\/wp-content\/uploads\/2025\/11\/9-edited-1024x576.png 1024w, http:\/\/asai.tuiasi.ro\/wp-content\/uploads\/2025\/11\/9-edited-768x432.png 768w, http:\/\/asai.tuiasi.ro\/wp-content\/uploads\/2025\/11\/9-edited-1536x863.png 1536w, http:\/\/asai.tuiasi.ro\/wp-content\/uploads\/2025\/11\/9-edited-2048x1151.png 2048w\" sizes=\"(max-width: 3508px) 100vw, 3508px\" \/><\/figure>\n\n\n\n<div class=\"wp-block-media-text alignwide is-stacked-on-mobile\"><figure class=\"wp-block-media-text__media\"><img loading=\"lazy\" width=\"960\" height=\"674\" src=\"http:\/\/asai.tuiasi.ro\/wp-content\/uploads\/2020\/12\/122088399_2959880494111689_5173293253681711349_n.jpg\" alt=\"\" class=\"wp-image-944 size-full\" srcset=\"http:\/\/asai.tuiasi.ro\/wp-content\/uploads\/2020\/12\/122088399_2959880494111689_5173293253681711349_n.jpg 960w, http:\/\/asai.tuiasi.ro\/wp-content\/uploads\/2020\/12\/122088399_2959880494111689_5173293253681711349_n-300x211.jpg 300w, http:\/\/asai.tuiasi.ro\/wp-content\/uploads\/2020\/12\/122088399_2959880494111689_5173293253681711349_n-768x539.jpg 768w\" sizes=\"(max-width: 960px) 100vw, 960px\" \/><\/figure><div class=\"wp-block-media-text__content\">\n<p class=\"has-black-color has-text-color\" style=\"font-size:28px\"><strong>\u00ce\u021bi place munca \u00een echip\u0103? Cau\u021bi s\u0103 discu\u021bi cu oameni care au aceea\u0219i pasiune ca tine? Te tenteaz\u0103 g\u00e2ndul de a participa la evenimente \u00een domeniul arhitecturii? Vrei s\u0103 dai fr\u00e2u liber spiritului t\u0103u creativ \u0219i s\u0103 vezi cum prind contur ideile tale? Atunci al\u0103tur\u0103-te familiei A.S.A.I. \u0219i noi te vom primi cu c\u0103ldur\u0103!<\/strong><\/p>\n<\/div><\/div>\n\n\n\n<figure class=\"wp-block-image alignwide size-large\"><img loading=\"lazy\" width=\"1024\" height=\"724\" src=\"http:\/\/asai.tuiasi.ro\/wp-content\/uploads\/2020\/12\/18-1024x724.png\" alt=\"\" class=\"wp-image-956\" srcset=\"http:\/\/asai.tuiasi.ro\/wp-content\/uploads\/2020\/12\/18-1024x724.png 1024w, http:\/\/asai.tuiasi.ro\/wp-content\/uploads\/2020\/12\/18-300x212.png 300w, http:\/\/asai.tuiasi.ro\/wp-content\/uploads\/2020\/12\/18-768x543.png 768w, http:\/\/asai.tuiasi.ro\/wp-content\/uploads\/2020\/12\/18-1536x1086.png 1536w, http:\/\/asai.tuiasi.ro\/wp-content\/uploads\/2020\/12\/18-2048x1448.png 2048w\" sizes=\"(max-width: 1024px) 100vw, 1024px\" \/><\/figure>\n","protected":false},"excerpt":{"rendered":"<p>A.S.A.I. s-a n\u0103scut din dorin\u021ba de a ap\u0103ra \u0219i de a sus\u021bine studen\u021bii arhitec\u021bi, dar \u0219i cei care au ca obiectiv o dezvoltare c\u00e2t mai&hellip;<\/p>\n","protected":false},"author":2,"featured_media":3554,"parent":0,"menu_order":0,"comment_status":"closed","ping_status":"closed","template":"","meta":[],"_links":{"self":[{"href":"http:\/\/asai.tuiasi.ro\/index.php\/wp-json\/wp\/v2\/pages\/674"}],"collection":[{"href":"http:\/\/asai.tuiasi.ro\/index.php\/wp-json\/wp\/v2\/pages"}],"about":[{"href":"http:\/\/asai.tuiasi.ro\/index.php\/wp-json\/wp\/v2\/types\/page"}],"author":[{"embeddable":true,"href":"http:\/\/asai.tuiasi.ro\/index.php\/wp-json\/wp\/v2\/users\/2"}],"replies":[{"embeddable":true,"href":"http:\/\/asai.tuiasi.ro\/index.php\/wp-json\/wp\/v2\/comments?post=674"}],"version-history":[{"count":18,"href":"http:\/\/asai.tuiasi.ro\/index.php\/wp-json\/wp\/v2\/pages\/674\/revisions"}],"predecessor-version":[{"id":7448,"href":"http:\/\/asai.tuiasi.ro\/index.php\/wp-json\/wp\/v2\/pages\/674\/revisions\/7448"}],"wp:featuredmedia":[{"embeddable":true,"href":"http:\/\/asai.tuiasi.ro\/index.php\/wp-json\/wp\/v2\/media\/3554"}],"wp:attachment":[{"href":"http:\/\/asai.tuiasi.ro\/index.php\/wp-json\/wp\/v2\/media?parent=674"}],"curies":[{"name":"wp","href":"https:\/\/api.w.org\/{rel}","templated":true}]}}