{"id":3308,"date":"2021-03-05T10:57:07","date_gmt":"2021-03-05T10:57:07","guid":{"rendered":"http:\/\/asai.tuiasi.ro\/?page_id=3308"},"modified":"2021-03-15T13:23:13","modified_gmt":"2021-03-15T13:23:13","slug":"cum-ne-poti-ajuta","status":"publish","type":"page","link":"http:\/\/asai.tuiasi.ro\/index.php\/cum-ne-poti-ajuta\/","title":{"rendered":"Cum ne poti ajuta"},"content":{"rendered":"\n<div class=\"wp-block-image\"><figure class=\"aligncenter size-large\"><img loading=\"lazy\" width=\"1024\" height=\"576\" src=\"http:\/\/asai.tuiasi.ro\/wp-content\/uploads\/2021\/03\/Cum-ne-poti-ajuta-1024x576.png\" alt=\"\" class=\"wp-image-3530\" srcset=\"http:\/\/asai.tuiasi.ro\/wp-content\/uploads\/2021\/03\/Cum-ne-poti-ajuta-1024x576.png 1024w, http:\/\/asai.tuiasi.ro\/wp-content\/uploads\/2021\/03\/Cum-ne-poti-ajuta-300x169.png 300w, http:\/\/asai.tuiasi.ro\/wp-content\/uploads\/2021\/03\/Cum-ne-poti-ajuta-768x432.png 768w, http:\/\/asai.tuiasi.ro\/wp-content\/uploads\/2021\/03\/Cum-ne-poti-ajuta-1536x864.png 1536w, http:\/\/asai.tuiasi.ro\/wp-content\/uploads\/2021\/03\/Cum-ne-poti-ajuta-2048x1152.png 2048w\" sizes=\"(max-width: 1024px) 100vw, 1024px\" \/><\/figure><\/div>\n\n\n\n<div class=\"wp-block-media-text alignwide has-media-on-the-right is-stacked-on-mobile\"><figure class=\"wp-block-media-text__media\"><img loading=\"lazy\" width=\"1024\" height=\"724\" src=\"http:\/\/asai.tuiasi.ro\/wp-content\/uploads\/2020\/12\/9-1024x724.png\" alt=\"\" class=\"wp-image-818 size-full\" srcset=\"http:\/\/asai.tuiasi.ro\/wp-content\/uploads\/2020\/12\/9-1024x724.png 1024w, http:\/\/asai.tuiasi.ro\/wp-content\/uploads\/2020\/12\/9-300x212.png 300w, http:\/\/asai.tuiasi.ro\/wp-content\/uploads\/2020\/12\/9-768x543.png 768w, http:\/\/asai.tuiasi.ro\/wp-content\/uploads\/2020\/12\/9-1536x1086.png 1536w, http:\/\/asai.tuiasi.ro\/wp-content\/uploads\/2020\/12\/9-2048x1448.png 2048w\" sizes=\"(max-width: 1024px) 100vw, 1024px\" \/><\/figure><div class=\"wp-block-media-text__content\">\n<p class=\"has-black-color has-text-color\" style=\"font-size:27px\">Asocia\u021bia noastr\u0103 se prezint\u0103 cu activit\u0103\u021bi importante \u00eenc\u0103 din anul 2008. Aceste activit\u0103\u021bi au fost rezultatul ajutorului partenerilor no\u0219tri, dar de asemenea \u0219i ajutorului vostru. <\/p>\n\n\n\n<p class=\"has-black-color has-text-color\" style=\"font-size:27px\">Echipa noastr\u0103 crede \u00een schimbare, drept urmare v\u0103 sf\u0103tuim s\u0103 completa\u021bi Formularul 2% ata\u0219at pentru a reu\u0219i s\u0103 facem \u00een continuare proiecte m\u0103re\u021be cu, despre \u0219i pentru studen\u021bi, ace\u0219tia reprezent\u00e2nd viitorul \u0219i \u0219ansa c\u0103tre schimbare.<\/p>\n<\/div><\/div>\n\n\n\n<h2>Ce este Formularul 2% ?<\/h2>\n\n\n\n<div class=\"wp-block-media-text alignwide has-media-on-the-right is-stacked-on-mobile\"><figure class=\"wp-block-media-text__media\"><img loading=\"lazy\" width=\"1024\" height=\"724\" src=\"http:\/\/asai.tuiasi.ro\/wp-content\/uploads\/2020\/12\/17-1024x724.png\" alt=\"\" class=\"wp-image-839 size-full\" srcset=\"http:\/\/asai.tuiasi.ro\/wp-content\/uploads\/2020\/12\/17-1024x724.png 1024w, http:\/\/asai.tuiasi.ro\/wp-content\/uploads\/2020\/12\/17-300x212.png 300w, http:\/\/asai.tuiasi.ro\/wp-content\/uploads\/2020\/12\/17-768x543.png 768w, http:\/\/asai.tuiasi.ro\/wp-content\/uploads\/2020\/12\/17-1536x1086.png 1536w, http:\/\/asai.tuiasi.ro\/wp-content\/uploads\/2020\/12\/17-2048x1448.png 2048w\" sizes=\"(max-width: 1024px) 100vw, 1024px\" \/><\/figure><div class=\"wp-block-media-text__content\">\n<p class=\"has-black-color has-text-color\" style=\"font-size:27px\">Acest formular reprezint\u0103 un pas esen\u021bial c\u0103tre schimbare, un document prin care voi pute\u021bi redirec\u021biona 2% din impozitul venit c\u0103tre noi, Asocia\u021bia Studen\u021bilor Arhitec\u021bi din Ia\u0219i, o organiza\u021bie non-profit. <\/p>\n\n\n\n<p class=\"has-black-color has-text-color\" style=\"font-size:27px\">Un aspect foarte important de men\u021bionat \u00een momentul \u00een care face\u021bi acest lucru este faptul c\u0103 acest procent de 2% este direc\u021bionat din impozitul deja pl\u0103tit \u0219i nici de cum din salariu. <\/p>\n\n\n\n<p class=\"has-black-color has-text-color\" style=\"font-size:27px\">Formularul se completeaz\u0103 \u0219i se depune de c\u0103tre persoanele fizice care realizeaz\u0103 venituri din salarii \u0219i asimilate salariilor \u0219i\/sau venituri din pensii din Rom\u00e2nia, \u00een urm\u0103toarele situa\u021bii, dup\u0103 caz:<\/p>\n<\/div><\/div>\n\n\n\n<p class=\"has-black-color has-text-color\" style=\"font-size:27px\">&#8211;  dispun asupra destina\u021biei sumei reprezent\u00e2nd 2% din impozitul anual pe veniturile din salarii \u0219i asimilate salariilor \u0219i\/sau veniturile din pensii, pentru sus\u021binerea entit\u0103\u021bilor nonprofit care se \u00eenfiin\u021beaz\u0103 \u0219i func\u021bioneaz\u0103 \u00een condi\u021biile legii \u0219i a unit\u0103\u021bilor de cult; sau <\/p>\n\n\n\n<p class=\"has-black-color has-text-color\" style=\"font-size:27px\">&#8211;  dispun asupra destina\u021biei sumei reprezent\u00e2nd 2% din impozitul anual pe veniturile din salarii \u0219i asimilate salariilor \u0219i\/sau veniturile din pensii, pentru acordarea de burse private, conform legii; sau <\/p>\n\n\n\n<p class=\"has-black-color has-text-color\" style=\"font-size:27px\">&#8211;  dispun asupra destina\u021biei sumei reprezent\u00e2nd 3,5% din impozitul anual pe veniturile din salarii \u0219i asimilate salariilor \u0219i\/sau veniturile din pensii, pentru sus\u021binerea entit\u0103\u021bilor nonprofit \u0219i a unit\u0103\u021bilor de cult, care sunt furnizori de servicii sociale acredita\u021bi cu cel pu\u021bin un serviciu social licen\u021biat, \u00een condi\u021biile legii.<\/p>\n\n\n\n<h2>Cum pot redirec\u021biona 2%?<\/h2>\n\n\n\n<p class=\"has-black-color has-text-color\" style=\"font-size:27px\">Pasul 1. Descarc\u0103 formularul. <\/p>\n\n\n\n<div class=\"wp-block-image\"><figure class=\"alignleft size-large is-resized\"><a href=\"https:\/\/l.messenger.com\/l.php?u=https%3A%2F%2Fstatic.anaf.ro%2Fstatic%2F10%2FAnaf%2Fformulare%2F230_OPANAF_50_2019.pdf&amp;h=AT1r9EW6Nds-iH0a2NA9IKIG_Sd2_9D03YWu0fjURNyaHtem5bY4xZNekUwCsko5epepGeAsJzyTnRviQg21daoKWnsfZmI_XtCMg3IQNG3YqZfDWcc2eAcvzZuSB-BHEnBn8ZudICy97qH3VCWI2A\"><img loading=\"lazy\" src=\"http:\/\/asai.tuiasi.ro\/wp-content\/uploads\/2021\/03\/532-1.png\" alt=\"\" class=\"wp-image-3359\" width=\"100\" height=\"100\" srcset=\"http:\/\/asai.tuiasi.ro\/wp-content\/uploads\/2021\/03\/532-1.png 629w, http:\/\/asai.tuiasi.ro\/wp-content\/uploads\/2021\/03\/532-1-300x300.png 300w, http:\/\/asai.tuiasi.ro\/wp-content\/uploads\/2021\/03\/532-1-150x150.png 150w\" sizes=\"(max-width: 100px) 100vw, 100px\" \/><\/a><\/figure><\/div>\n\n\n\n<div style=\"height:20px\" aria-hidden=\"true\" class=\"wp-block-spacer\"><\/div>\n\n\n\n<p class=\"has-black-color has-text-color\" style=\"font-size:27px\">Pasul 2. Printeaz\u0103-l <\/p>\n\n\n\n<p class=\"has-black-color has-text-color\" style=\"font-size:27px\">Pasul 3. Completeaz\u0103 doar c\u00e2mpul num\u0103rul I cu datele tale personale. <\/p>\n\n\n\n<p class=\"has-black-color has-text-color\" style=\"font-size:27px\">Pasul 4. Scaneaz\u0103 documentul.<\/p>\n\n\n\n<p class=\"has-black-color has-text-color\" style=\"font-size:27px\">Pasul 5. Trimite-ne actul scanat la adresa de mail : org.stud.arh@gmail.com <\/p>\n\n\n\n<p class=\"has-black-color has-text-color\" style=\"font-size:27px\">Pasul 6. Noi \u00ee\u021bi mul\u021bumim pentru c\u0103 faci parte acum din familia A.S.A.I. \u0219i ai fost un ajutor important \u00een dezvoltarea activit\u0103\u021bilor.<\/p>\n","protected":false},"excerpt":{"rendered":"<p>Asocia\u021bia noastr\u0103 se prezint\u0103 cu activit\u0103\u021bi importante \u00eenc\u0103 din anul 2008. Aceste activit\u0103\u021bi au fost rezultatul ajutorului partenerilor no\u0219tri, dar de asemenea \u0219i ajutorului vostru.&hellip;<\/p>\n","protected":false},"author":2,"featured_media":3530,"parent":0,"menu_order":0,"comment_status":"closed","ping_status":"closed","template":"","meta":[],"_links":{"self":[{"href":"http:\/\/asai.tuiasi.ro\/index.php\/wp-json\/wp\/v2\/pages\/3308"}],"collection":[{"href":"http:\/\/asai.tuiasi.ro\/index.php\/wp-json\/wp\/v2\/pages"}],"about":[{"href":"http:\/\/asai.tuiasi.ro\/index.php\/wp-json\/wp\/v2\/types\/page"}],"author":[{"embeddable":true,"href":"http:\/\/asai.tuiasi.ro\/index.php\/wp-json\/wp\/v2\/users\/2"}],"replies":[{"embeddable":true,"href":"http:\/\/asai.tuiasi.ro\/index.php\/wp-json\/wp\/v2\/comments?post=3308"}],"version-history":[{"count":16,"href":"http:\/\/asai.tuiasi.ro\/index.php\/wp-json\/wp\/v2\/pages\/3308\/revisions"}],"predecessor-version":[{"id":3596,"href":"http:\/\/asai.tuiasi.ro\/index.php\/wp-json\/wp\/v2\/pages\/3308\/revisions\/3596"}],"wp:featuredmedia":[{"embeddable":true,"href":"http:\/\/asai.tuiasi.ro\/index.php\/wp-json\/wp\/v2\/media\/3530"}],"wp:attachment":[{"href":"http:\/\/asai.tuiasi.ro\/index.php\/wp-json\/wp\/v2\/media?parent=3308"}],"curies":[{"name":"wp","href":"https:\/\/api.w.org\/{rel}","templated":true}]}}