{"id":2693,"date":"2021-01-01T18:43:20","date_gmt":"2021-01-01T18:43:20","guid":{"rendered":"http:\/\/asai.tuiasi.ro\/?page_id=2693"},"modified":"2022-01-14T13:50:56","modified_gmt":"2022-01-14T13:50:56","slug":"casa","status":"publish","type":"page","link":"http:\/\/asai.tuiasi.ro\/index.php\/casa\/","title":{"rendered":"C|A|S|A"},"content":{"rendered":"\n<figure class=\"wp-block-image alignwide size-large\"><img loading=\"lazy\" width=\"1024\" height=\"535\" src=\"http:\/\/asai.tuiasi.ro\/wp-content\/uploads\/2022\/01\/CASA-1024x535.png\" alt=\"\" class=\"wp-image-3706\" srcset=\"http:\/\/asai.tuiasi.ro\/wp-content\/uploads\/2022\/01\/CASA-1024x535.png 1024w, http:\/\/asai.tuiasi.ro\/wp-content\/uploads\/2022\/01\/CASA-300x157.png 300w, http:\/\/asai.tuiasi.ro\/wp-content\/uploads\/2022\/01\/CASA-768x401.png 768w, http:\/\/asai.tuiasi.ro\/wp-content\/uploads\/2022\/01\/CASA-1536x802.png 1536w, http:\/\/asai.tuiasi.ro\/wp-content\/uploads\/2022\/01\/CASA-2048x1069.png 2048w\" sizes=\"(max-width: 1024px) 100vw, 1024px\" \/><\/figure>\n\n\n\n<div class=\"wp-block-media-text alignwide has-media-on-the-right is-stacked-on-mobile\"><figure class=\"wp-block-media-text__media\"><img loading=\"lazy\" width=\"1024\" height=\"683\" src=\"http:\/\/asai.tuiasi.ro\/wp-content\/uploads\/2021\/01\/IMG_9964-1024x683.jpg\" alt=\"\" class=\"wp-image-2903 size-full\" srcset=\"http:\/\/asai.tuiasi.ro\/wp-content\/uploads\/2021\/01\/IMG_9964-1024x683.jpg 1024w, http:\/\/asai.tuiasi.ro\/wp-content\/uploads\/2021\/01\/IMG_9964-300x200.jpg 300w, http:\/\/asai.tuiasi.ro\/wp-content\/uploads\/2021\/01\/IMG_9964-768x512.jpg 768w, http:\/\/asai.tuiasi.ro\/wp-content\/uploads\/2021\/01\/IMG_9964-1536x1024.jpg 1536w, http:\/\/asai.tuiasi.ro\/wp-content\/uploads\/2021\/01\/IMG_9964-2048x1365.jpg 2048w\" sizes=\"(max-width: 1024px) 100vw, 1024px\" \/><\/figure><div class=\"wp-block-media-text__content\">\n<p style=\"font-size:22px\">Studen\u0163i arhitec\u0163i (din Bucure\u0219ti, Cluj, Timi\u0219oara \u0219i Ia\u0219i), dornici s\u0103 duc\u0103 mai departe tradi\u0163ia de peste 10 ani a unui eveniment ce ne aduce \u00eempreun\u0103 colegii din \u00eentreaga \u0163ar\u0103 \u0219i nu numai, pentru a discuta, crea, \u0219i a se \u00eentrece \u00een arhitectur\u0103. C|A|S|A s-a n\u0103scut din dorin\u0163a studen\u0163ilor de a tr\u0103i experien\u0163a unui concurs de arhitectur\u0103, f\u0103r\u0103 a fi nevoi\u0163i s\u0103 fac\u0103 un compromis \u00eentre acesta \u0219i proiectarea din cadrul facult\u0103\u0163ii. Astfel, s-a \u00eembinat utilul cu pl\u0103cutul \u0219i studen\u0163ii din anul II studiaz\u0103 un semestru aceea\u0219i tem\u0103 la toate facult\u0103\u0163ile din \u0163ar\u0103: tema de locuire propus\u0103 la Concurs.<\/p>\n<\/div><\/div>\n\n\n\n<figure class=\"wp-block-gallery columns-2 is-cropped\"><ul class=\"blocks-gallery-grid\"><li class=\"blocks-gallery-item\"><figure><img loading=\"lazy\" width=\"1024\" height=\"683\" src=\"http:\/\/asai.tuiasi.ro\/wp-content\/uploads\/2021\/01\/IMG_0113-1024x683.jpg\" alt=\"\" data-id=\"2906\" data-full-url=\"http:\/\/asai.tuiasi.ro\/wp-content\/uploads\/2021\/01\/IMG_0113-scaled.jpg\" data-link=\"http:\/\/asai.tuiasi.ro\/index.php\/casa\/img_0113\/\" class=\"wp-image-2906\" srcset=\"http:\/\/asai.tuiasi.ro\/wp-content\/uploads\/2021\/01\/IMG_0113-1024x683.jpg 1024w, http:\/\/asai.tuiasi.ro\/wp-content\/uploads\/2021\/01\/IMG_0113-300x200.jpg 300w, http:\/\/asai.tuiasi.ro\/wp-content\/uploads\/2021\/01\/IMG_0113-768x512.jpg 768w, http:\/\/asai.tuiasi.ro\/wp-content\/uploads\/2021\/01\/IMG_0113-1536x1024.jpg 1536w, http:\/\/asai.tuiasi.ro\/wp-content\/uploads\/2021\/01\/IMG_0113-2048x1365.jpg 2048w\" sizes=\"(max-width: 1024px) 100vw, 1024px\" \/><\/figure><\/li><li class=\"blocks-gallery-item\"><figure><img loading=\"lazy\" width=\"683\" height=\"1024\" src=\"http:\/\/asai.tuiasi.ro\/wp-content\/uploads\/2021\/01\/IMG_0190-683x1024.jpg\" alt=\"\" data-id=\"2909\" data-full-url=\"http:\/\/asai.tuiasi.ro\/wp-content\/uploads\/2021\/01\/IMG_0190-scaled.jpg\" data-link=\"http:\/\/asai.tuiasi.ro\/index.php\/casa\/img_0190\/\" class=\"wp-image-2909\" srcset=\"http:\/\/asai.tuiasi.ro\/wp-content\/uploads\/2021\/01\/IMG_0190-683x1024.jpg 683w, http:\/\/asai.tuiasi.ro\/wp-content\/uploads\/2021\/01\/IMG_0190-200x300.jpg 200w, http:\/\/asai.tuiasi.ro\/wp-content\/uploads\/2021\/01\/IMG_0190-768x1152.jpg 768w, http:\/\/asai.tuiasi.ro\/wp-content\/uploads\/2021\/01\/IMG_0190-1024x1536.jpg 1024w, http:\/\/asai.tuiasi.ro\/wp-content\/uploads\/2021\/01\/IMG_0190-1365x2048.jpg 1365w, http:\/\/asai.tuiasi.ro\/wp-content\/uploads\/2021\/01\/IMG_0190-scaled.jpg 1707w\" sizes=\"(max-width: 683px) 100vw, 683px\" \/><\/figure><\/li><li class=\"blocks-gallery-item\"><figure><img loading=\"lazy\" width=\"1024\" height=\"683\" src=\"http:\/\/asai.tuiasi.ro\/wp-content\/uploads\/2021\/01\/IMG_0250-1024x683.jpg\" alt=\"\" data-id=\"2912\" data-full-url=\"http:\/\/asai.tuiasi.ro\/wp-content\/uploads\/2021\/01\/IMG_0250-scaled.jpg\" data-link=\"http:\/\/asai.tuiasi.ro\/index.php\/casa\/img_0250\/\" class=\"wp-image-2912\" srcset=\"http:\/\/asai.tuiasi.ro\/wp-content\/uploads\/2021\/01\/IMG_0250-1024x683.jpg 1024w, http:\/\/asai.tuiasi.ro\/wp-content\/uploads\/2021\/01\/IMG_0250-300x200.jpg 300w, http:\/\/asai.tuiasi.ro\/wp-content\/uploads\/2021\/01\/IMG_0250-768x512.jpg 768w, http:\/\/asai.tuiasi.ro\/wp-content\/uploads\/2021\/01\/IMG_0250-1536x1024.jpg 1536w, http:\/\/asai.tuiasi.ro\/wp-content\/uploads\/2021\/01\/IMG_0250-2048x1365.jpg 2048w\" sizes=\"(max-width: 1024px) 100vw, 1024px\" \/><\/figure><\/li><li class=\"blocks-gallery-item\"><figure><img loading=\"lazy\" width=\"1024\" height=\"683\" src=\"http:\/\/asai.tuiasi.ro\/wp-content\/uploads\/2021\/01\/IMG_0252-1024x683.jpg\" alt=\"\" data-id=\"2915\" data-full-url=\"http:\/\/asai.tuiasi.ro\/wp-content\/uploads\/2021\/01\/IMG_0252-scaled.jpg\" data-link=\"http:\/\/asai.tuiasi.ro\/index.php\/casa\/img_0252\/\" class=\"wp-image-2915\" srcset=\"http:\/\/asai.tuiasi.ro\/wp-content\/uploads\/2021\/01\/IMG_0252-1024x683.jpg 1024w, http:\/\/asai.tuiasi.ro\/wp-content\/uploads\/2021\/01\/IMG_0252-300x200.jpg 300w, http:\/\/asai.tuiasi.ro\/wp-content\/uploads\/2021\/01\/IMG_0252-768x512.jpg 768w, http:\/\/asai.tuiasi.ro\/wp-content\/uploads\/2021\/01\/IMG_0252-1536x1024.jpg 1536w, http:\/\/asai.tuiasi.ro\/wp-content\/uploads\/2021\/01\/IMG_0252-2048x1365.jpg 2048w\" sizes=\"(max-width: 1024px) 100vw, 1024px\" \/><\/figure><\/li><li class=\"blocks-gallery-item\"><figure><img loading=\"lazy\" width=\"1024\" height=\"683\" src=\"http:\/\/asai.tuiasi.ro\/wp-content\/uploads\/2021\/01\/IMG_0254-1024x683.jpg\" alt=\"\" data-id=\"2918\" data-full-url=\"http:\/\/asai.tuiasi.ro\/wp-content\/uploads\/2021\/01\/IMG_0254-scaled.jpg\" data-link=\"http:\/\/asai.tuiasi.ro\/index.php\/casa\/img_0254\/\" class=\"wp-image-2918\" srcset=\"http:\/\/asai.tuiasi.ro\/wp-content\/uploads\/2021\/01\/IMG_0254-1024x683.jpg 1024w, http:\/\/asai.tuiasi.ro\/wp-content\/uploads\/2021\/01\/IMG_0254-300x200.jpg 300w, http:\/\/asai.tuiasi.ro\/wp-content\/uploads\/2021\/01\/IMG_0254-768x512.jpg 768w, http:\/\/asai.tuiasi.ro\/wp-content\/uploads\/2021\/01\/IMG_0254-1536x1024.jpg 1536w, http:\/\/asai.tuiasi.ro\/wp-content\/uploads\/2021\/01\/IMG_0254-2048x1365.jpg 2048w\" sizes=\"(max-width: 1024px) 100vw, 1024px\" \/><\/figure><\/li><li class=\"blocks-gallery-item\"><figure><img loading=\"lazy\" width=\"1024\" height=\"683\" src=\"http:\/\/asai.tuiasi.ro\/wp-content\/uploads\/2021\/01\/IMG_0261-1024x683.jpg\" alt=\"\" data-id=\"2921\" data-full-url=\"http:\/\/asai.tuiasi.ro\/wp-content\/uploads\/2021\/01\/IMG_0261-scaled.jpg\" data-link=\"http:\/\/asai.tuiasi.ro\/index.php\/casa\/img_0261\/\" class=\"wp-image-2921\" srcset=\"http:\/\/asai.tuiasi.ro\/wp-content\/uploads\/2021\/01\/IMG_0261-1024x683.jpg 1024w, http:\/\/asai.tuiasi.ro\/wp-content\/uploads\/2021\/01\/IMG_0261-300x200.jpg 300w, http:\/\/asai.tuiasi.ro\/wp-content\/uploads\/2021\/01\/IMG_0261-768x512.jpg 768w, http:\/\/asai.tuiasi.ro\/wp-content\/uploads\/2021\/01\/IMG_0261-1536x1024.jpg 1536w, http:\/\/asai.tuiasi.ro\/wp-content\/uploads\/2021\/01\/IMG_0261-2048x1365.jpg 2048w\" sizes=\"(max-width: 1024px) 100vw, 1024px\" \/><\/figure><\/li><li class=\"blocks-gallery-item\"><figure><img loading=\"lazy\" width=\"1024\" height=\"683\" src=\"http:\/\/asai.tuiasi.ro\/wp-content\/uploads\/2021\/01\/IMG_0270-1024x683.jpg\" alt=\"\" data-id=\"2924\" data-full-url=\"http:\/\/asai.tuiasi.ro\/wp-content\/uploads\/2021\/01\/IMG_0270-scaled.jpg\" data-link=\"http:\/\/asai.tuiasi.ro\/index.php\/casa\/img_0270\/\" class=\"wp-image-2924\" srcset=\"http:\/\/asai.tuiasi.ro\/wp-content\/uploads\/2021\/01\/IMG_0270-1024x683.jpg 1024w, http:\/\/asai.tuiasi.ro\/wp-content\/uploads\/2021\/01\/IMG_0270-300x200.jpg 300w, http:\/\/asai.tuiasi.ro\/wp-content\/uploads\/2021\/01\/IMG_0270-768x512.jpg 768w, http:\/\/asai.tuiasi.ro\/wp-content\/uploads\/2021\/01\/IMG_0270-1536x1024.jpg 1536w, http:\/\/asai.tuiasi.ro\/wp-content\/uploads\/2021\/01\/IMG_0270-2048x1365.jpg 2048w\" sizes=\"(max-width: 1024px) 100vw, 1024px\" \/><\/figure><\/li><li class=\"blocks-gallery-item\"><figure><img loading=\"lazy\" width=\"1024\" height=\"683\" src=\"http:\/\/asai.tuiasi.ro\/wp-content\/uploads\/2021\/01\/IMG_9964-1-1024x683.jpg\" alt=\"\" data-id=\"2927\" data-full-url=\"http:\/\/asai.tuiasi.ro\/wp-content\/uploads\/2021\/01\/IMG_9964-1-scaled.jpg\" data-link=\"http:\/\/asai.tuiasi.ro\/index.php\/casa\/img_9964-1\/\" class=\"wp-image-2927\" srcset=\"http:\/\/asai.tuiasi.ro\/wp-content\/uploads\/2021\/01\/IMG_9964-1-1024x683.jpg 1024w, http:\/\/asai.tuiasi.ro\/wp-content\/uploads\/2021\/01\/IMG_9964-1-300x200.jpg 300w, http:\/\/asai.tuiasi.ro\/wp-content\/uploads\/2021\/01\/IMG_9964-1-768x512.jpg 768w, http:\/\/asai.tuiasi.ro\/wp-content\/uploads\/2021\/01\/IMG_9964-1-1536x1024.jpg 1536w, http:\/\/asai.tuiasi.ro\/wp-content\/uploads\/2021\/01\/IMG_9964-1-2048x1365.jpg 2048w\" sizes=\"(max-width: 1024px) 100vw, 1024px\" \/><\/figure><\/li><\/ul><\/figure>\n\n\n\n<p><\/p>\n","protected":false},"excerpt":{"rendered":"<p>Studen\u0163i arhitec\u0163i (din Bucure\u0219ti, Cluj, Timi\u0219oara \u0219i Ia\u0219i), dornici s\u0103 duc\u0103 mai departe tradi\u0163ia de peste 10 ani a unui eveniment ce ne aduce \u00eempreun\u0103&hellip;<\/p>\n","protected":false},"author":2,"featured_media":0,"parent":0,"menu_order":0,"comment_status":"closed","ping_status":"closed","template":"","meta":[],"_links":{"self":[{"href":"http:\/\/asai.tuiasi.ro\/index.php\/wp-json\/wp\/v2\/pages\/2693"}],"collection":[{"href":"http:\/\/asai.tuiasi.ro\/index.php\/wp-json\/wp\/v2\/pages"}],"about":[{"href":"http:\/\/asai.tuiasi.ro\/index.php\/wp-json\/wp\/v2\/types\/page"}],"author":[{"embeddable":true,"href":"http:\/\/asai.tuiasi.ro\/index.php\/wp-json\/wp\/v2\/users\/2"}],"replies":[{"embeddable":true,"href":"http:\/\/asai.tuiasi.ro\/index.php\/wp-json\/wp\/v2\/comments?post=2693"}],"version-history":[{"count":7,"href":"http:\/\/asai.tuiasi.ro\/index.php\/wp-json\/wp\/v2\/pages\/2693\/revisions"}],"predecessor-version":[{"id":3709,"href":"http:\/\/asai.tuiasi.ro\/index.php\/wp-json\/wp\/v2\/pages\/2693\/revisions\/3709"}],"wp:attachment":[{"href":"http:\/\/asai.tuiasi.ro\/index.php\/wp-json\/wp\/v2\/media?parent=2693"}],"curies":[{"name":"wp","href":"https:\/\/api.w.org\/{rel}","templated":true}]}}